{"id":4927,"date":"2017-11-13T20:20:09","date_gmt":"2017-11-13T20:20:09","guid":{"rendered":"http:\/\/antjedrinnenberg.de\/?page_id=4927"},"modified":"2018-11-15T20:20:31","modified_gmt":"2018-11-15T20:20:31","slug":"service","status":"publish","type":"page","link":"https:\/\/antjedrinnenberg.de\/index.php\/service\/","title":{"rendered":"SERVICE"},"content":{"rendered":"<p>[vc_row][vc_column][rev_slider_vc alias=&#8221;vimeohero1&#8243;][\/vc_column][\/vc_row][vc_row background=&#8221;rgba(201,172,143,0.1)&#8221;][vc_column][vc_empty_space height=&#8221;120&#8243;]\n        <header class=\"sec-heading \"  style=\"margin-bottom: 80px\";>\n          <h2 >Wir stehen f\u00fcr h\u00f6chste Qualit\u00e4t ... <\/h2>\n          <span class=\"subheading\" > ... und inhaltliche Perfektion. <\/span>\n        <\/header>[\/vc_column][\/vc_row][vc_row background=&#8221;rgba(201,172,143,0.1)&#8221;][vc_column no_gap_check=&#8221;no-gap&#8221; width=&#8221;1\/3&#8243;]\n        <div class=\"wow fadeInRightSmall\"  data-wow-duration=\"1.5s\" data-wow-delay=\"0s\">\n        <div class=\"ft-steps-numbers \">\n            <div class=\"ft-item\">\n                <span class=\"ft-nbr\" >01<\/span>\n                <h4>Konzeption<\/h4>\n                <p>Wir entwickeln ansprechende Formate, Stories, Image- und Produkt-Filme, die klare Botschaften transportieren. <\/p>\n            <\/div>\n        <\/div><\/div>[\/vc_column][vc_column width=&#8221;1\/3&#8243;]\n        <div class=\"wow fadeInRightSmall\"  data-wow-duration=\"1.5s\" data-wow-delay=\"0.6s\">\n        <div class=\"ft-steps-numbers \">\n            <div class=\"ft-item\">\n                <span class=\"ft-nbr\" >02<\/span>\n                <h4>Planung<\/h4>\n                <p>Minuti\u00f6se Planung und hochprofessionelle Abwicklung auch \u00fcber das Produktionsende hinaus: Wir sind f\u00fcr unsere Kunden da, bis alles perfekt ist. <\/p>\n            <\/div>\n        <\/div><\/div>[vc_empty_space height=&#8221;120&#8243;][\/vc_column][vc_column width=&#8221;1\/3&#8243;]\n        <div class=\"wow fadeInRightSmall\"  data-wow-duration=\"1.5s\" data-wow-delay=\"1.2s\">\n        <div class=\"ft-steps-numbers \">\n            <div class=\"ft-item\">\n                <span class=\"ft-nbr\" >03<\/span>\n                <h4>Produktion<\/h4>\n                <p>Um ein optimales, budget-konformes Produkt zu kreieren, greifen wir auf ein ausgedehntes Netzwerk von Spezialisten zur\u00fcck.<\/p>\n            <\/div>\n        <\/div><\/div>[\/vc_column][\/vc_row][vc_row background=&#8221;rgba(153,182,191,0.25)&#8221;][vc_column][vc_empty_space height=&#8221;60&#8243;]\n        <header class=\"sec-heading \"  style=\"margin-bottom: 40px\";>\n          <h2 >Das sagen unsere Kunden<\/h2>\n          \n        <\/header>[\/vc_column][\/vc_row][vc_row background=&#8221;rgba(153,182,191,0.25)&#8221;][vc_column width=&#8221;1\/3&#8243;]\n        <div class=\"wow fadeInLeft\" >\n        <div class=\"link-cards-wrapper \">\n            <div class=\"link-card\">\n            \t<img src=\"https:\/\/antjedrinnenberg.de\/wp-content\/uploads\/2017\/11\/bw_sandy.jpg\" alt=\"SANDY BR\u00dcCKNER \/ LINDE\" class=\"img-responsive\" \/>\n            \t<div class=\"item-content\">\n            \t\t<h6>SANDY BR\u00dcCKNER \/ LINDE<\/h6>\n            \t\t<p>Antje Drinnenberg ist eine Expertin darin, komplexe inhaltliche Themen, die bei Linde zum Tagesgesch\u00e4ft geh\u00f6ren, in interessante und emotionale filmische Geschichten zu \u00fcbersetzen. Sie hat auch f\u00fcr schwierige Aufgabenstellungen, herausfordernde Locations und anspruchsvolle Ansprechpartner immer eine passende L\u00f6sung.<\/p>\n            \t\t\n            \t<\/div>\n            <\/div>\n        <\/div><\/div>[\/vc_column][vc_column width=&#8221;1\/3&#8243;]\n        <div class=\"wow fadeInLeft\" >\n        <div class=\"link-cards-wrapper \">\n            <div class=\"link-card\">\n            \t<img src=\"https:\/\/antjedrinnenberg.de\/wp-content\/uploads\/2017\/11\/Bildschirmfoto-2018-01-10-um-15.19.11.png\" alt=\"Jesper M\u00fcller-Krogstrup \/ CEO NOSCO\" class=\"img-responsive\" \/>\n            \t<div class=\"item-content\">\n            \t\t<h6>Jesper M\u00fcller-Krogstrup \/ CEO NOSCO<\/h6>\n            \t\t<p>Coming soon...<\/p>\n            \t\t\n            \t<\/div>\n            <\/div>\n        <\/div><\/div>[\/vc_column][vc_column width=&#8221;1\/3&#8243;]\n        <div class=\"wow fadeInLeft\" >\n        <div class=\"link-cards-wrapper \">\n            <div class=\"link-card\">\n            \t<img src=\"https:\/\/antjedrinnenberg.de\/wp-content\/uploads\/2017\/11\/Bildschirmfoto-2018-01-10-um-15.16.22-e1530100025844.png\" alt=\"Marcus-Florian Kruse \/ CD at martin et karczinski\" class=\"img-responsive\" \/>\n            \t<div class=\"item-content\">\n            \t\t<h6>Marcus-Florian Kruse \/ CD at martin et karczinski<\/h6>\n            \t\t<p>Coming soon...<\/p>\n            \t\t\n            \t<\/div>\n            <\/div>\n        <\/div><\/div>[\/vc_column][\/vc_row]<\/p>\n","protected":false},"excerpt":{"rendered":"<p>[vc_row][vc_column][rev_slider_vc alias=&#8221;vimeohero1&#8243;][\/vc_column][\/vc_row][vc_row background=&#8221;rgba(201,172,143,0.1)&#8221;][vc_column][vc_empty_space height=&#8221;120&#8243;][\/vc_column][\/vc_row][vc_row background=&#8221;rgba(201,172,143,0.1)&#8221;][vc_column no_gap_check=&#8221;no-gap&#8221; width=&#8221;1\/3&#8243;][\/vc_column][vc_column width=&#8221;1\/3&#8243;][vc_empty_space height=&#8221;120&#8243;][\/vc_column][vc_column width=&#8221;1\/3&#8243;][\/vc_column][\/vc_row][vc_row background=&#8221;rgba(153,182,191,0.25)&#8221;][vc_column][vc_empty_space height=&#8221;60&#8243;][\/vc_column][\/vc_row][vc_row background=&#8221;rgba(153,182,191,0.25)&#8221;][vc_column width=&#8221;1\/3&#8243;][\/vc_column][vc_column width=&#8221;1\/3&#8243;][\/vc_column][vc_column width=&#8221;1\/3&#8243;][\/vc_column][\/vc_row]<\/p>\n","protected":false},"author":2,"featured_media":0,"parent":0,"menu_order":0,"comment_status":"closed","ping_status":"closed","template":"page-vc.php","meta":[],"_links":{"self":[{"href":"https:\/\/antjedrinnenberg.de\/index.php\/wp-json\/wp\/v2\/pages\/4927"}],"collection":[{"href":"https:\/\/antjedrinnenberg.de\/index.php\/wp-json\/wp\/v2\/pages"}],"about":[{"href":"https:\/\/antjedrinnenberg.de\/index.php\/wp-json\/wp\/v2\/types\/page"}],"author":[{"embeddable":true,"href":"https:\/\/antjedrinnenberg.de\/index.php\/wp-json\/wp\/v2\/users\/2"}],"replies":[{"embeddable":true,"href":"https:\/\/antjedrinnenberg.de\/index.php\/wp-json\/wp\/v2\/comments?post=4927"}],"version-history":[{"count":62,"href":"https:\/\/antjedrinnenberg.de\/index.php\/wp-json\/wp\/v2\/pages\/4927\/revisions"}],"predecessor-version":[{"id":5418,"href":"https:\/\/antjedrinnenberg.de\/index.php\/wp-json\/wp\/v2\/pages\/4927\/revisions\/5418"}],"wp:attachment":[{"href":"https:\/\/antjedrinnenberg.de\/index.php\/wp-json\/wp\/v2\/media?parent=4927"}],"curies":[{"name":"wp","href":"https:\/\/api.w.org\/{rel}","templated":true}]}}