{"id":4814,"date":"2017-11-09T10:49:04","date_gmt":"2017-11-09T10:49:04","guid":{"rendered":"http:\/\/antjedrinnenberg.de\/?page_id=4814"},"modified":"2019-03-20T10:12:53","modified_gmt":"2019-03-20T10:12:53","slug":"about","status":"publish","type":"page","link":"https:\/\/antjedrinnenberg.de\/index.php\/about\/","title":{"rendered":"ABOUT"},"content":{"rendered":"<p>[vc_row][vc_column][rev_slider_vc alias=&#8221;about&#8221;][\/vc_column][\/vc_row][vc_row background=&#8221;#ffffff&#8221;][vc_column width=&#8221;1\/6&#8243; css=&#8221;.vc_custom_1510224568502{background-color: #ffffff !important;}&#8221;][vc_empty_space height=&#8221;160px&#8221;][\/vc_column][vc_column width=&#8221;2\/3&#8243; css=&#8221;.vc_custom_1510224577729{background-color: #ffffff !important;}&#8221;][vc_empty_space height=&#8221;60&#8243;]\n        <header class=\"sec-heading \"  style=\"margin-bottom: 30px\";>\n          <h2 >Wer ist firsthand?<\/h2>\n          \n        <\/header>[vc_column_text]<\/p>\n<p style=\"text-align: center;\">FirstHand konzipiert gemeinsam mit den Kunden Storylines f\u00fcr Unternehmensfilme und TV-Produktionen. Vom Konzept bis zum fertigen Film. Alles aus einer Hand und FirstHand!<\/p>\n<p>[\/vc_column_text][vc_empty_space height=&#8221;100&#8243;][\/vc_column][vc_column width=&#8221;1\/6&#8243;][\/vc_column][\/vc_row][vc_row full_height=&#8221;yes&#8221; equal_height=&#8221;yes&#8221; background=&#8221;rgba(20,113,127,0.21)&#8221;][vc_column width=&#8221;1\/6&#8243;][\/vc_column][vc_column width=&#8221;1\/4&#8243;][vc_empty_space height=&#8221;30&#8243;]\n        <div class=\"wow fadeInUpSmall\"  data-wow-duration=\"1.5s\" data-wow-delay=\"0s\">\n        \t<div class=\"team-member-img \">\n        \t\t<div class=\"t-item no_social_links\">\n        \t\t\t<div class=\"t-image\">\n        \t\t\t\t<img class=\"img-responsive\" src=\"https:\/\/antjedrinnenberg.de\/wp-content\/uploads\/2017\/11\/Foto-Antje01-e1510224747263.jpeg\" alt=\"Antje Drinnenberg\" \/>\n        \t\t\t<\/div>\n        \t\t\t<div class=\"t-info\">\n        \t\t\t\t<h4 class=\"t-name\">Antje Drinnenberg<\/h4>\n        \t\t\t\t<span class=\"t-role\"><\/span>\n        \t\t\t\t\n        \t\t\t<\/div>\n        \t\t<\/div>\n        \t<\/div><\/div>[\/vc_column][vc_column width=&#8221;1\/2&#8243;][vc_empty_space height=&#8221;30&#8243;]\n        <div class=\"wow fadeInRightSmall\"  data-wow-duration=\"1.5s\" data-wow-delay=\"1s\">[vc_column_text]<\/p>\n<h2><\/h2>\n<h2>Biographie<\/h2>\n<p>Antje Drinnenberg begann ihre Medienkarriere w\u00e4hrend des Studiums \u201eMedienmanagement\u201c Mitte der neunziger Jahre.<\/p>\n<p>Als Autorin und Redakteurin arbeitete sie f\u00fcr ARD, ZDF, arte, 3sat und viele andere \u00f6ffentlich-rechtliche Sender, unterst\u00fctzte das ARD-Studio in New York und<\/p>\n<p>produziert hochwertige und teils pr\u00e4mierte Reportagen. Ihr Feature \u201eEine Frage des \u00dcberlebens\u201c \u00fcber die R\u00fcckkehrer in der Sperrzone von Tschernobyl, wurde als herausragende journalistische Reportage mit dem Georg-Schreiber-Medienpreis ausgezeichnet<\/p>\n<p>Aktuelle, politisch-brisante Themen, wie der sich ver\u00e4ndernde Islam in Westafrika oder die Bewohner des Untergrunds in New York, sind die Kernthemen ihrer journalistischen Arbeit.<\/p>\n<p>2015 gr\u00fcndete sie die Filmproduktionsfirma FirstHand Production und\u00a0produziert mit einem dichten Netzwerk an Medienschaffenden hochwertige Dokumentationen wie aktuell den Kinofilm `LIONHEARTED\u00b4.<\/p>\n<p>Zudem kreiert sie Corporate Filme f\u00fcr Unternehmen wie die <strong>Linde AG, Mercedes und BMW.<\/strong><\/p>\n<p>Die gelernte Kfz-Mechanikerin begeistert sich f\u00fcr Naturwissenschaften und Technik ebenso wie f\u00fcr emotionale Themen, wie Menschenrechte und Integration.<\/p>\n<p>Sie und ihr Team kombinieren so komplexe, pointiert erz\u00e4hlte Wissensinhalte mit ber\u00fchrenden Storylines.<\/p>\n<p>Seit 2010 ist sie Dozentin an der Fachhochschule W\u00fcrzburg. Schwerpunkt Storytelling und Recherche f\u00fcr angehende Medienmanager und Journalisten.[\/vc_column_text][vc_empty_space height=&#8221;30px&#8221;]<\/div>[\/vc_column][vc_column][\/vc_column][\/vc_row][vc_row][vc_column width=&#8221;1\/4&#8243;][\/vc_column][vc_column width=&#8221;1\/2&#8243;][vc_empty_space height=&#8221;100&#8243;]\n        <header class=\"sec-heading \"  style=\"margin-bottom: 40px\";>\n          <h2 >das Firsthand Netzwerk<\/h2>\n          <span class=\"subheading\" >Wir sind ein kreatives flexibles Team, arbeiten f\u00fcr und miteinander und brennen f\u00fcr neue Ideen!<\/span>\n        <\/header>[\/vc_column][vc_column width=&#8221;1\/4&#8243;][\/vc_column][\/vc_row][vc_row][vc_column][vc_empty_space height=&#8221;60&#8243;][vc_text_separator title=&#8221;kamera&#8221; i_icon_fontawesome=&#8221;fa fa-camera-retro&#8221; i_color=&#8221;black&#8221; i_background_style=&#8221;rounded&#8221; i_background_color=&#8221;white&#8221; color=&#8221;black&#8221; border_width=&#8221;2&#8243; add_icon=&#8221;true&#8221;][vc_empty_space height=&#8221;60&#8243;][\/vc_column][\/vc_row][vc_row][vc_column width=&#8221;1\/6&#8243;]\n        \t<div class=\"team-member-img \">\n        \t\t<div class=\"t-item \">\n        \t\t\t<div class=\"t-image\">\n        \t\t\t\t<img class=\"img-responsive\" src=\"https:\/\/antjedrinnenberg.de\/wp-content\/uploads\/2017\/11\/Janniswillbold.png\" alt=\"Janis Wilbold \" \/>\n        \t\t\t<\/div>\n        \t\t\t<div class=\"t-info\">\n        \t\t\t\t<h4 class=\"t-name\">Janis Wilbold <\/h4>\n        \t\t\t\t<span class=\"t-role\">Kamera<\/span>\n        \t\t\t\t\n        \t\t\t<\/div>\n        \t\t<\/div>\n        \t<\/div>[\/vc_column][vc_column width=&#8221;1\/6&#8243;]\n        \t<div class=\"team-member-img \">\n        \t\t<div class=\"t-item \">\n        \t\t\t<div class=\"t-image\">\n        \t\t\t\t<img class=\"img-responsive\" src=\"https:\/\/antjedrinnenberg.de\/wp-content\/uploads\/2017\/11\/Felixbessner-e1510228198634.jpg\" alt=\"Felix Be\u00dfner\" \/>\n        \t\t\t<\/div>\n        \t\t\t<div class=\"t-info\">\n        \t\t\t\t<h4 class=\"t-name\">Felix Be\u00dfner<\/h4>\n        \t\t\t\t<span class=\"t-role\">Kamera<\/span>\n        \t\t\t\t\n        \t\t\t<\/div>\n        \t\t<\/div>\n        \t<\/div>[\/vc_column][vc_column width=&#8221;1\/6&#8243;]\n        \t<div class=\"team-member-img \">\n        \t\t<div class=\"t-item \">\n        \t\t\t<div class=\"t-image\">\n        \t\t\t\t<img class=\"img-responsive\" src=\"https:\/\/antjedrinnenberg.de\/wp-content\/uploads\/2017\/11\/Portrait_Ingo_Daubner-e1510228453643.jpg\" alt=\"Ingo D\u00e4ubner\" \/>\n        \t\t\t<\/div>\n        \t\t\t<div class=\"t-info\">\n        \t\t\t\t<h4 class=\"t-name\">Ingo D\u00e4ubner<\/h4>\n        \t\t\t\t<span class=\"t-role\">Kamera<\/span>\n        \t\t\t\t\n        \t\t\t<\/div>\n        \t\t<\/div>\n        \t<\/div>[\/vc_column][vc_column width=&#8221;1\/6&#8243;]\n        \t<div class=\"team-member-img \">\n        \t\t<div class=\"t-item \">\n        \t\t\t<div class=\"t-image\">\n        \t\t\t\t<img class=\"img-responsive\" src=\"https:\/\/antjedrinnenberg.de\/wp-content\/uploads\/2017\/11\/Jochen-St\u00e4blein-e1510228788326.jpg\" alt=\"Jochen St\u00e4blein\" \/>\n        \t\t\t<\/div>\n        \t\t\t<div class=\"t-info\">\n        \t\t\t\t<h4 class=\"t-name\">Jochen St\u00e4blein<\/h4>\n        \t\t\t\t<span class=\"t-role\">Kamera<\/span>\n        \t\t\t\t\n        \t\t\t<\/div>\n        \t\t<\/div>\n        \t<\/div>[\/vc_column][vc_column width=&#8221;1\/6&#8243;]\n        \t<div class=\"team-member-img \">\n        \t\t<div class=\"t-item \">\n        \t\t\t<div class=\"t-image\">\n        \t\t\t\t<img class=\"img-responsive\" src=\"https:\/\/antjedrinnenberg.de\/wp-content\/uploads\/2017\/11\/Frank_Becht-e1511166513294.jpg\" alt=\"Frank Becht\" \/>\n        \t\t\t<\/div>\n        \t\t\t<div class=\"t-info\">\n        \t\t\t\t<h4 class=\"t-name\">Frank Becht<\/h4>\n        \t\t\t\t<span class=\"t-role\">Kamera<\/span>\n        \t\t\t\t\n        \t\t\t<\/div>\n        \t\t<\/div>\n        \t<\/div>[\/vc_column][vc_column width=&#8221;1\/6&#8243;]\n        \t<div class=\"team-member-img \">\n        \t\t<div class=\"t-item \">\n        \t\t\t<div class=\"t-image\">\n        \t\t\t\t<img class=\"img-responsive\" src=\"https:\/\/antjedrinnenberg.de\/wp-content\/uploads\/2017\/11\/Gidon_lasch_kamera-e1511166540557.jpg\" alt=\"Gidon Lasch\" \/>\n        \t\t\t<\/div>\n        \t\t\t<div class=\"t-info\">\n        \t\t\t\t<h4 class=\"t-name\">Gidon Lasch<\/h4>\n        \t\t\t\t<span class=\"t-role\">Kamera<\/span>\n        \t\t\t\t\n        \t\t\t<\/div>\n        \t\t<\/div>\n        \t<\/div>[\/vc_column][\/vc_row][vc_row][vc_column][\/vc_column][\/vc_row][vc_row][vc_column][vc_empty_space height=&#8221;60&#8243;][vc_text_separator title=&#8221;Cutter&#8221; i_icon_fontawesome=&#8221;fa fa-scissors&#8221; i_color=&#8221;black&#8221; i_background_style=&#8221;rounded&#8221; i_background_color=&#8221;white&#8221; color=&#8221;black&#8221; border_width=&#8221;2&#8243; add_icon=&#8221;true&#8221;][vc_empty_space height=&#8221;60&#8243;][\/vc_column][\/vc_row][vc_row][vc_column width=&#8221;1\/12&#8243;][\/vc_column][vc_column width=&#8221;1\/6&#8243;]\n        \t<div class=\"team-member-img \">\n        \t\t<div class=\"t-item \">\n        \t\t\t<div class=\"t-image\">\n        \t\t\t\t<img class=\"img-responsive\" src=\"https:\/\/antjedrinnenberg.de\/wp-content\/uploads\/2017\/11\/Fejzuli.David_.2015-e1510243183504.jpg\" alt=\"David Fejzuli\" \/>\n        \t\t\t<\/div>\n        \t\t\t<div class=\"t-info\">\n        \t\t\t\t<h4 class=\"t-name\">David Fejzuli<\/h4>\n        \t\t\t\t<span class=\"t-role\">Cutter<\/span>\n        \t\t\t\t\n        \t\t\t<\/div>\n        \t\t<\/div>\n        \t<\/div>[\/vc_column][vc_column width=&#8221;1\/6&#8243;]\n        \t<div class=\"team-member-img \">\n        \t\t<div class=\"t-item \">\n        \t\t\t<div class=\"t-image\">\n        \t\t\t\t<img class=\"img-responsive\" src=\"https:\/\/antjedrinnenberg.de\/wp-content\/uploads\/2017\/11\/2014_daniel-e1510242990112.jpg\" alt=\"Daniel Bluhm\" \/>\n        \t\t\t<\/div>\n        \t\t\t<div class=\"t-info\">\n        \t\t\t\t<h4 class=\"t-name\">Daniel Bluhm<\/h4>\n        \t\t\t\t<span class=\"t-role\">Cutter<\/span>\n        \t\t\t\t\n        \t\t\t<\/div>\n        \t\t<\/div>\n        \t<\/div>[\/vc_column][vc_column width=&#8221;1\/6&#8243;]\n        \t<div class=\"team-member-img \">\n        \t\t<div class=\"t-item \">\n        \t\t\t<div class=\"t-image\">\n        \t\t\t\t<img class=\"img-responsive\" src=\"https:\/\/antjedrinnenberg.de\/wp-content\/uploads\/2017\/11\/ariel__0-00-14-24_-e1510242948889.jpg\" alt=\"Ariel Sages\" \/>\n        \t\t\t<\/div>\n        \t\t\t<div class=\"t-info\">\n        \t\t\t\t<h4 class=\"t-name\">Ariel Sages<\/h4>\n        \t\t\t\t<span class=\"t-role\">Cutter<\/span>\n        \t\t\t\t\n        \t\t\t<\/div>\n        \t\t<\/div>\n        \t<\/div>[\/vc_column][vc_column width=&#8221;1\/6&#8243;]\n        \t<div class=\"team-member-img \">\n        \t\t<div class=\"t-item \">\n        \t\t\t<div class=\"t-image\">\n        \t\t\t\t<img class=\"img-responsive\" src=\"https:\/\/antjedrinnenberg.de\/wp-content\/uploads\/2017\/11\/sebastian-rietzler-e1510243226354.jpg\" alt=\"Sebastian Riezler\" \/>\n        \t\t\t<\/div>\n        \t\t\t<div class=\"t-info\">\n        \t\t\t\t<h4 class=\"t-name\">Sebastian Riezler<\/h4>\n        \t\t\t\t<span class=\"t-role\">Cutter<\/span>\n        \t\t\t\t<ul class=\"social-links\"><li><a href=\"http:\/\/aufschnitt.tv\" target=\"_blank\" title=\"RSS\"><i class=\"fa fa-rss-square\"><\/i><\/a><\/li><\/ul>\n        \t\t\t<\/div>\n        \t\t<\/div>\n        \t<\/div>[\/vc_column][vc_column width=&#8221;1\/6&#8243;]\n        \t<div class=\"team-member-img \">\n        \t\t<div class=\"t-item \">\n        \t\t\t<div class=\"t-image\">\n        \t\t\t\t<img class=\"img-responsive\" src=\"https:\/\/antjedrinnenberg.de\/wp-content\/uploads\/2017\/11\/2014_anya-e1510242426210.jpg\" alt=\"Anya Schulz\" \/>\n        \t\t\t<\/div>\n        \t\t\t<div class=\"t-info\">\n        \t\t\t\t<h4 class=\"t-name\">Anya Schulz<\/h4>\n        \t\t\t\t<span class=\"t-role\">Cutterin<\/span>\n        \t\t\t\t\n        \t\t\t<\/div>\n        \t\t<\/div>\n        \t<\/div>[\/vc_column][vc_column width=&#8221;1\/12&#8243;][\/vc_column][\/vc_row][vc_row][vc_column][vc_empty_space height=&#8221;60&#8243;][vc_text_separator title=&#8221;Produktionspartner: die Firma Bilderfest&#8221; i_icon_fontawesome=&#8221;fa fa-magic&#8221; i_color=&#8221;black&#8221; i_background_style=&#8221;rounded&#8221; i_background_color=&#8221;white&#8221; color=&#8221;black&#8221; border_width=&#8221;2&#8243; add_icon=&#8221;true&#8221;][vc_empty_space height=&#8221;60&#8243;][\/vc_column][\/vc_row][vc_row][vc_column width=&#8221;1\/4&#8243;][\/vc_column][vc_column width=&#8221;1\/4&#8243;]\n        \t<div class=\"team-member-img \">\n        \t\t<div class=\"t-item \">\n        \t\t\t<div class=\"t-image\">\n        \t\t\t\t<img class=\"img-responsive\" src=\"https:\/\/antjedrinnenberg.de\/wp-content\/uploads\/2017\/11\/Dietmar_lyssy_production-e1516865575165.jpg\" alt=\"Dietmar Lyssy\" \/>\n        \t\t\t<\/div>\n        \t\t\t<div class=\"t-info\">\n        \t\t\t\t<h4 class=\"t-name\">Dietmar Lyssy<\/h4>\n        \t\t\t\t<span class=\"t-role\">Gesch\u00e4ftsf\u00fchrer<\/span>\n        \t\t\t\t\n        \t\t\t<\/div>\n        \t\t<\/div>\n        \t<\/div>[\/vc_column][vc_column width=&#8221;1\/4&#8243;]\n        \t<div class=\"team-member-img \">\n        \t\t<div class=\"t-item \">\n        \t\t\t<div class=\"t-image\">\n        \t\t\t\t<img class=\"img-responsive\" src=\"https:\/\/antjedrinnenberg.de\/wp-content\/uploads\/2017\/11\/Marcus_Uhl_production-e1511166594484.jpg\" alt=\"Marcus Uhl\" \/>\n        \t\t\t<\/div>\n        \t\t\t<div class=\"t-info\">\n        \t\t\t\t<h4 class=\"t-name\">Marcus Uhl<\/h4>\n        \t\t\t\t<span class=\"t-role\">Gesch\u00e4ftsf\u00fchrer<\/span>\n        \t\t\t\t\n        \t\t\t<\/div>\n        \t\t<\/div>\n        \t<\/div>[\/vc_column][vc_column width=&#8221;1\/4&#8243;][\/vc_column][\/vc_row][vc_row][vc_column][vc_empty_space height=&#8221;60&#8243;][\/vc_column][\/vc_row]<\/p>\n","protected":false},"excerpt":{"rendered":"<p>[vc_row][vc_column][rev_slider_vc alias=&#8221;about&#8221;][\/vc_column][\/vc_row][vc_row background=&#8221;#ffffff&#8221;][vc_column width=&#8221;1\/6&#8243; css=&#8221;.vc_custom_1510224568502{background-color: #ffffff !important;}&#8221;][vc_empty_space height=&#8221;160px&#8221;][\/vc_column][vc_column width=&#8221;2\/3&#8243; css=&#8221;.vc_custom_1510224577729{background-color: #ffffff !important;}&#8221;][vc_empty_space height=&#8221;60&#8243;][vc_column_text] FirstHand konzipiert gemeinsam mit den Kunden Storylines f\u00fcr Unternehmensfilme &hellip; <\/p>\n<p><a href=\"https:\/\/antjedrinnenberg.de\/index.php\/about\/\" class=\"read-more-btn btn btn-small\">Read More<span class=\"screen-reader-text\">ABOUT<\/span><\/a><\/p>\n","protected":false},"author":2,"featured_media":0,"parent":0,"menu_order":0,"comment_status":"closed","ping_status":"closed","template":"page-vc.php","meta":[],"_links":{"self":[{"href":"https:\/\/antjedrinnenberg.de\/index.php\/wp-json\/wp\/v2\/pages\/4814"}],"collection":[{"href":"https:\/\/antjedrinnenberg.de\/index.php\/wp-json\/wp\/v2\/pages"}],"about":[{"href":"https:\/\/antjedrinnenberg.de\/index.php\/wp-json\/wp\/v2\/types\/page"}],"author":[{"embeddable":true,"href":"https:\/\/antjedrinnenberg.de\/index.php\/wp-json\/wp\/v2\/users\/2"}],"replies":[{"embeddable":true,"href":"https:\/\/antjedrinnenberg.de\/index.php\/wp-json\/wp\/v2\/comments?post=4814"}],"version-history":[{"count":49,"href":"https:\/\/antjedrinnenberg.de\/index.php\/wp-json\/wp\/v2\/pages\/4814\/revisions"}],"predecessor-version":[{"id":5444,"href":"https:\/\/antjedrinnenberg.de\/index.php\/wp-json\/wp\/v2\/pages\/4814\/revisions\/5444"}],"wp:attachment":[{"href":"https:\/\/antjedrinnenberg.de\/index.php\/wp-json\/wp\/v2\/media?parent=4814"}],"curies":[{"name":"wp","href":"https:\/\/api.w.org\/{rel}","templated":true}]}}